{"id":29,"date":"2025-10-28T02:33:44","date_gmt":"2025-10-28T02:33:44","guid":{"rendered":"https:\/\/wbestshade.com\/?page_id=29"},"modified":"2026-01-30T09:01:27","modified_gmt":"2026-01-30T09:01:27","slug":"steel-pergola","status":"publish","type":"page","link":"https:\/\/wbestshade.com\/fr\/steel-pergola\/","title":{"rendered":"Pergola en acier"},"content":{"rendered":"<div data-elementor-type=\"wp-page\" data-elementor-id=\"29\" class=\"elementor elementor-29\" data-elementor-post-type=\"page\">\n\t\t\t\t<div class=\"elementor-element elementor-element-2a2f96b9 e-flex e-con-boxed e-con e-parent\" data-id=\"2a2f96b9\" data-element_type=\"container\" data-e-type=\"container\" data-settings=\"{&quot;background_background&quot;:&quot;classic&quot;}\">\n\t\t\t\t\t<div class=\"e-con-inner\">\n\t\t\t\t<div class=\"elementor-element elementor-element-87f07e5 elementor-widget elementor-widget-heading\" data-id=\"87f07e5\" data-element_type=\"widget\" data-e-type=\"widget\" data-widget_type=\"heading.default\">\n\t\t\t\t\t<h2 class=\"elementor-heading-title elementor-size-default\">Pergolas en acier<\/h2>\t\t\t\t<\/div>\n\t\t\t\t<div class=\"elementor-element elementor-element-7b64ea8f elementor-widget elementor-widget-text-editor\" data-id=\"7b64ea8f\" data-element_type=\"widget\" data-e-type=\"widget\" data-widget_type=\"text-editor.default\">\n\t\t\t\t\t\t\t\t\t<p>Construit pour la force et le style. Am\u00e9liorez votre projet gr\u00e2ce \u00e0 nos syst\u00e8mes en acier durables et r\u00e9sistants aux intemp\u00e9ries.<\/p>\t\t\t\t\t\t\t\t<\/div>\n\t\t\t\t\t<\/div>\n\t\t\t\t<\/div>\n\t\t<div class=\"elementor-element elementor-element-5834c072 e-flex e-con-boxed e-con e-parent\" data-id=\"5834c072\" data-element_type=\"container\" data-e-type=\"container\" data-settings=\"{&quot;background_background&quot;:&quot;classic&quot;}\">\n\t\t\t\t\t<div class=\"e-con-inner\">\n\t\t<div class=\"elementor-element elementor-element-592b4d98 e-con-full e-flex e-con e-child\" data-id=\"592b4d98\" data-element_type=\"container\" data-e-type=\"container\" data-settings=\"{&quot;background_background&quot;:&quot;classic&quot;}\">\n\t\t\t\t<div class=\"elementor-element elementor-element-55019ba elementor-widget elementor-widget-image\" data-id=\"55019ba\" data-element_type=\"widget\" data-e-type=\"widget\" data-widget_type=\"image.default\">\n\t\t\t\t\t\t\t\t\t\t\t\t\t\t\t\t<a href=\"https:\/\/wbestshade.com\/fr\/steel-pergolas-100a-4t\/\">\n\t\t\t\t\t\t\t<img decoding=\"async\" src=\"https:\/\/wbestshade.com\/wp-content\/uploads\/elementor\/thumbs\/SP-100A-4T-08-ri27df2wobje3lj9tlinxb6k9pqozxhwwko7itzan4.jpg\" title=\"SP 100A-4T 08\" alt=\"SP 100A-4T 08\" loading=\"lazy\" \/>\t\t\t\t\t\t\t\t<\/a>\n\t\t\t\t\t\t\t\t\t\t\t\t\t\t\t<\/div>\n\t\t\t\t<div class=\"elementor-element elementor-element-f7cd505 elementor-widget elementor-widget-heading\" data-id=\"f7cd505\" data-element_type=\"widget\" data-e-type=\"widget\" data-widget_type=\"heading.default\">\n\t\t\t\t\t<h2 class=\"elementor-heading-title elementor-size-default\"><a href=\"https:\/\/wbestshade.com\/fr\/steel-pergolas-100a-4t\/\">Pergolas en acier 100A-4T<\/a><\/h2>\t\t\t\t<\/div>\n\t\t\t\t<\/div>\n\t\t<div class=\"elementor-element elementor-element-7ca0ee5c e-con-full e-flex e-con e-child\" data-id=\"7ca0ee5c\" data-element_type=\"container\" data-e-type=\"container\" data-settings=\"{&quot;background_background&quot;:&quot;classic&quot;}\">\n\t\t\t\t<div class=\"elementor-element elementor-element-a57d790 elementor-widget elementor-widget-image\" data-id=\"a57d790\" data-element_type=\"widget\" data-e-type=\"widget\" data-widget_type=\"image.default\">\n\t\t\t\t\t\t\t\t\t\t\t\t\t\t\t\t<a href=\"https:\/\/wbestshade.com\/fr\/steel-pergola-100b-4t\/\">\n\t\t\t\t\t\t\t<img decoding=\"async\" src=\"https:\/\/wbestshade.com\/wp-content\/uploads\/elementor\/thumbs\/100B-4T-07-rierxwcn00pqu9ss6m0t2gkaw06ks2igkv0w06yi00.png\" title=\"100B-4T-07\" alt=\"100B-4T-07\" loading=\"lazy\" \/>\t\t\t\t\t\t\t\t<\/a>\n\t\t\t\t\t\t\t\t\t\t\t\t\t\t\t<\/div>\n\t\t\t\t<div class=\"elementor-element elementor-element-01770c3 elementor-widget elementor-widget-heading\" data-id=\"01770c3\" data-element_type=\"widget\" data-e-type=\"widget\" data-widget_type=\"heading.default\">\n\t\t\t\t\t<h2 class=\"elementor-heading-title elementor-size-default\"><a href=\"https:\/\/wbestshade.com\/fr\/steel-pergola-100b-4t\/\">Pergolas en acier 100B-4T<\/a><\/h2>\t\t\t\t<\/div>\n\t\t\t\t<\/div>\n\t\t\t\t\t<\/div>\n\t\t\t\t<\/div>\n\t\t\t\t<\/div>","protected":false},"excerpt":{"rendered":"<p>Steel Pergolas Built for Strength and Style. Upgrade your project with our durable, weather-resistant steel systems Steel Pergolas 100A-4T Steel Pergolas 100B-4T<\/p>","protected":false},"author":2,"featured_media":0,"parent":0,"menu_order":0,"comment_status":"closed","ping_status":"closed","template":"","meta":{"footnotes":""},"class_list":["post-29","page","type-page","status-publish","hentry"],"_links":{"self":[{"href":"https:\/\/wbestshade.com\/fr\/wp-json\/wp\/v2\/pages\/29","targetHints":{"allow":["GET"]}}],"collection":[{"href":"https:\/\/wbestshade.com\/fr\/wp-json\/wp\/v2\/pages"}],"about":[{"href":"https:\/\/wbestshade.com\/fr\/wp-json\/wp\/v2\/types\/page"}],"author":[{"embeddable":true,"href":"https:\/\/wbestshade.com\/fr\/wp-json\/wp\/v2\/users\/2"}],"replies":[{"embeddable":true,"href":"https:\/\/wbestshade.com\/fr\/wp-json\/wp\/v2\/comments?post=29"}],"version-history":[{"count":104,"href":"https:\/\/wbestshade.com\/fr\/wp-json\/wp\/v2\/pages\/29\/revisions"}],"predecessor-version":[{"id":19769,"href":"https:\/\/wbestshade.com\/fr\/wp-json\/wp\/v2\/pages\/29\/revisions\/19769"}],"wp:attachment":[{"href":"https:\/\/wbestshade.com\/fr\/wp-json\/wp\/v2\/media?parent=29"}],"curies":[{"name":"wp","href":"https:\/\/api.w.org\/{rel}","templated":true}]}}