{"id":2593,"date":"2026-01-13T02:07:30","date_gmt":"2026-01-13T02:07:30","guid":{"rendered":"https:\/\/wbestshade.com\/?page_id=2593"},"modified":"2026-01-27T15:22:36","modified_gmt":"2026-01-27T15:22:36","slug":"zip-screen","status":"publish","type":"page","link":"https:\/\/wbestshade.com\/fr\/zip-screen\/","title":{"rendered":"\u00c9cran Zip"},"content":{"rendered":"<div data-elementor-type=\"wp-page\" data-elementor-id=\"2593\" class=\"elementor elementor-2593\" data-elementor-post-type=\"page\">\n\t\t\t\t<div class=\"elementor-element elementor-element-4d5c198d e-flex e-con-boxed e-con e-parent\" data-id=\"4d5c198d\" data-element_type=\"container\" data-e-type=\"container\" data-settings=\"{&quot;background_background&quot;:&quot;classic&quot;}\">\n\t\t\t\t\t<div class=\"e-con-inner\">\n\t\t\t\t<div class=\"elementor-element elementor-element-205e10db elementor-widget elementor-widget-heading\" data-id=\"205e10db\" data-element_type=\"widget\" data-e-type=\"widget\" data-widget_type=\"heading.default\">\n\t\t\t\t\t<h2 class=\"elementor-heading-title elementor-size-default\">\u00c9cran Zip<\/h2>\t\t\t\t<\/div>\n\t\t\t\t<div class=\"elementor-element elementor-element-e8fe8b4 elementor-widget elementor-widget-text-editor\" data-id=\"e8fe8b4\" data-element_type=\"widget\" data-e-type=\"widget\" data-widget_type=\"text-editor.default\">\n\t\t\t\t\t\t\t\t\t<p>Am\u00e9liorez votre confort ext\u00e9rieur gr\u00e2ce \u00e0 nos syst\u00e8mes d'ombrage motoris\u00e9s et durables.<\/p>\t\t\t\t\t\t\t\t<\/div>\n\t\t\t\t\t<\/div>\n\t\t\t\t<\/div>\n\t\t<div class=\"elementor-element elementor-element-82f1768 e-flex e-con-boxed e-con e-parent\" data-id=\"82f1768\" data-element_type=\"container\" data-e-type=\"container\">\n\t\t\t\t\t<div class=\"e-con-inner\">\n\t\t<div class=\"elementor-element elementor-element-fab7c90 e-con-full e-flex e-con e-child\" data-id=\"fab7c90\" data-element_type=\"container\" data-e-type=\"container\">\n\t\t\t\t<div class=\"elementor-element elementor-element-96aa8c6 elementor-widget elementor-widget-image\" data-id=\"96aa8c6\" data-element_type=\"widget\" data-e-type=\"widget\" data-widget_type=\"image.default\">\n\t\t\t\t\t\t\t\t\t\t\t\t\t\t\t\t<a href=\"https:\/\/wbestshade.com\/fr\/zip-blind-w100-w125\/\">\n\t\t\t\t\t\t\t<img fetchpriority=\"high\" decoding=\"async\" width=\"600\" height=\"400\" src=\"https:\/\/wbestshade.com\/wp-content\/uploads\/2026\/01\/W-100-Zip-Blind.jpg\" class=\"attachment-large size-large wp-image-3112\" alt=\"\" srcset=\"https:\/\/wbestshade.com\/wp-content\/uploads\/2026\/01\/W-100-Zip-Blind.jpg 600w, https:\/\/wbestshade.com\/wp-content\/uploads\/2026\/01\/W-100-Zip-Blind-300x200.jpg 300w\" sizes=\"(max-width: 600px) 100vw, 600px\" \/>\t\t\t\t\t\t\t\t<\/a>\n\t\t\t\t\t\t\t\t\t\t\t\t\t\t\t<\/div>\n\t\t\t\t<div class=\"elementor-element elementor-element-d389cbc elementor-widget elementor-widget-heading\" data-id=\"d389cbc\" data-element_type=\"widget\" data-e-type=\"widget\" data-widget_type=\"heading.default\">\n\t\t\t\t\t<h2 class=\"elementor-heading-title elementor-size-default\"><a href=\"https:\/\/wbestshade.com\/fr\/zip-blind-w100-w125\/\">Store \u00e0 glissi\u00e8re W100\/W125<\/a><\/h2>\t\t\t\t<\/div>\n\t\t\t\t<\/div>\n\t\t<div class=\"elementor-element elementor-element-7999d48 e-con-full e-flex e-con e-child\" data-id=\"7999d48\" data-element_type=\"container\" data-e-type=\"container\">\n\t\t\t\t<div class=\"elementor-element elementor-element-d076497 elementor-widget elementor-widget-image\" data-id=\"d076497\" data-element_type=\"widget\" data-e-type=\"widget\" data-widget_type=\"image.default\">\n\t\t\t\t\t\t\t\t\t\t\t\t\t\t\t\t<a href=\"https:\/\/wbestshade.com\/fr\/zip-blind-125\/\">\n\t\t\t\t\t\t\t<img decoding=\"async\" width=\"600\" height=\"400\" src=\"https:\/\/wbestshade.com\/wp-content\/uploads\/2026\/01\/ZIP-Screen-125.jpg\" class=\"attachment-large size-large wp-image-3109\" alt=\"\" srcset=\"https:\/\/wbestshade.com\/wp-content\/uploads\/2026\/01\/ZIP-Screen-125.jpg 600w, https:\/\/wbestshade.com\/wp-content\/uploads\/2026\/01\/ZIP-Screen-125-300x200.jpg 300w\" sizes=\"(max-width: 600px) 100vw, 600px\" \/>\t\t\t\t\t\t\t\t<\/a>\n\t\t\t\t\t\t\t\t\t\t\t\t\t\t\t<\/div>\n\t\t\t\t<div class=\"elementor-element elementor-element-d3ebc6f elementor-widget elementor-widget-heading\" data-id=\"d3ebc6f\" data-element_type=\"widget\" data-e-type=\"widget\" data-widget_type=\"heading.default\">\n\t\t\t\t\t<h2 class=\"elementor-heading-title elementor-size-default\"><a href=\"https:\/\/wbestshade.com\/fr\/zip-blind-125\/\">Zip Blind 125<\/a><\/h2>\t\t\t\t<\/div>\n\t\t\t\t<\/div>\n\t\t<div class=\"elementor-element elementor-element-d338a70 e-con-full e-flex e-con e-child\" data-id=\"d338a70\" data-element_type=\"container\" data-e-type=\"container\">\n\t\t\t\t<div class=\"elementor-element elementor-element-53971dc elementor-widget elementor-widget-image\" data-id=\"53971dc\" data-element_type=\"widget\" data-e-type=\"widget\" data-widget_type=\"image.default\">\n\t\t\t\t\t\t\t\t\t\t\t\t\t\t\t\t<a href=\"https:\/\/wbestshade.com\/fr\/zip-blind-105\/\">\n\t\t\t\t\t\t\t<img decoding=\"async\" width=\"600\" height=\"400\" src=\"https:\/\/wbestshade.com\/wp-content\/uploads\/2026\/01\/Zip-Blind-105.jpg\" class=\"attachment-large size-large wp-image-3110\" alt=\"\" srcset=\"https:\/\/wbestshade.com\/wp-content\/uploads\/2026\/01\/Zip-Blind-105.jpg 600w, https:\/\/wbestshade.com\/wp-content\/uploads\/2026\/01\/Zip-Blind-105-300x200.jpg 300w\" sizes=\"(max-width: 600px) 100vw, 600px\" \/>\t\t\t\t\t\t\t\t<\/a>\n\t\t\t\t\t\t\t\t\t\t\t\t\t\t\t<\/div>\n\t\t\t\t<div class=\"elementor-element elementor-element-ffaef2f elementor-widget elementor-widget-heading\" data-id=\"ffaef2f\" data-element_type=\"widget\" data-e-type=\"widget\" data-widget_type=\"heading.default\">\n\t\t\t\t\t<h2 class=\"elementor-heading-title elementor-size-default\"><a href=\"https:\/\/wbestshade.com\/fr\/zip-blind-105\/\">Zip Blind 105<\/a><\/h2>\t\t\t\t<\/div>\n\t\t\t\t<\/div>\n\t\t\t\t\t<\/div>\n\t\t\t\t<\/div>\n\t\t\t\t<\/div>","protected":false},"excerpt":{"rendered":"<p>Zip Screen Enhance your outdoor comfort with our durable, motorized shading systems. Zip Blind W100\/W125 Zip Blind 125 Zip Blind 105<\/p>","protected":false},"author":2,"featured_media":0,"parent":0,"menu_order":0,"comment_status":"closed","ping_status":"closed","template":"","meta":{"footnotes":""},"class_list":["post-2593","page","type-page","status-publish","hentry"],"_links":{"self":[{"href":"https:\/\/wbestshade.com\/fr\/wp-json\/wp\/v2\/pages\/2593","targetHints":{"allow":["GET"]}}],"collection":[{"href":"https:\/\/wbestshade.com\/fr\/wp-json\/wp\/v2\/pages"}],"about":[{"href":"https:\/\/wbestshade.com\/fr\/wp-json\/wp\/v2\/types\/page"}],"author":[{"embeddable":true,"href":"https:\/\/wbestshade.com\/fr\/wp-json\/wp\/v2\/users\/2"}],"replies":[{"embeddable":true,"href":"https:\/\/wbestshade.com\/fr\/wp-json\/wp\/v2\/comments?post=2593"}],"version-history":[{"count":82,"href":"https:\/\/wbestshade.com\/fr\/wp-json\/wp\/v2\/pages\/2593\/revisions"}],"predecessor-version":[{"id":19631,"href":"https:\/\/wbestshade.com\/fr\/wp-json\/wp\/v2\/pages\/2593\/revisions\/19631"}],"wp:attachment":[{"href":"https:\/\/wbestshade.com\/fr\/wp-json\/wp\/v2\/media?parent=2593"}],"curies":[{"name":"wp","href":"https:\/\/api.w.org\/{rel}","templated":true}]}}