{"id":19682,"date":"2026-01-30T06:02:05","date_gmt":"2026-01-30T06:02:05","guid":{"rendered":"https:\/\/wbestshade.com\/?page_id=19682"},"modified":"2026-01-30T06:21:47","modified_gmt":"2026-01-30T06:21:47","slug":"our-privacy","status":"publish","type":"page","link":"https:\/\/wbestshade.com\/fr\/our-privacy\/","title":{"rendered":"Notre vie priv\u00e9e"},"content":{"rendered":"<div data-elementor-type=\"wp-page\" data-elementor-id=\"19682\" class=\"elementor elementor-19682\" data-elementor-post-type=\"page\">\n\t\t\t\t<div class=\"elementor-element elementor-element-047b20d e-flex e-con-boxed e-con e-parent\" data-id=\"047b20d\" data-element_type=\"container\" data-e-type=\"container\" data-settings=\"{&quot;background_background&quot;:&quot;classic&quot;}\">\n\t\t\t\t\t<div class=\"e-con-inner\">\n\t\t\t\t<div class=\"elementor-element elementor-element-b783096 elementor-widget elementor-widget-heading\" data-id=\"b783096\" data-element_type=\"widget\" data-e-type=\"widget\" data-widget_type=\"heading.default\">\n\t\t\t\t\t<h2 class=\"elementor-heading-title elementor-size-default\">Notre vie priv\u00e9e<\/h2>\t\t\t\t<\/div>\n\t\t\t\t\t<\/div>\n\t\t\t\t<\/div>\n\t\t<div class=\"elementor-element elementor-element-1087ed0 e-flex e-con-boxed e-con e-parent\" data-id=\"1087ed0\" data-element_type=\"container\" data-e-type=\"container\">\n\t\t\t\t\t<div class=\"e-con-inner\">\n\t\t\t\t<div class=\"elementor-element elementor-element-76e37e0 elementor-widget elementor-widget-text-editor\" data-id=\"76e37e0\" data-element_type=\"widget\" data-e-type=\"widget\" data-widget_type=\"text-editor.default\">\n\t\t\t\t\t\t\t\t\t<p><strong>Date d'entr\u00e9e en vigueur : 30 janvier 2026<\/strong><\/p><p>WBestShade respecte votre vie priv\u00e9e et s'engage \u00e0 prot\u00e9ger votre entreprise et vos informations personnelles. Cette politique de confidentialit\u00e9 explique comment nous recueillons, utilisons et prot\u00e9geons vos informations.<\/p><p><strong>1. Les informations que nous collectons<\/strong><\/p><p>a) Informations professionnelles et personnelles<\/p><p>Lorsque vous nous contactez, que vous demandez un devis ou que vous soumettez des formulaires, nous pouvons recueillir des informations :<\/p><p>Nom de l'entreprise<\/p><p>Nom de la personne de contact<\/p><p>Adresse \u00e9lectronique<\/p><p>Num\u00e9ro de t\u00e9l\u00e9phone<\/p><p>Adresse professionnelle<\/p><p>D\u00e9tails de la demande de produit<\/p><p><strong>b) Informations techniques<\/strong><\/p><p>Les donn\u00e9es collect\u00e9es automatiquement peuvent comprendre<\/p><p>Adresse IP<\/p><p>Type de navigateur<\/p><p>Informations sur l'appareil<\/p><p>Comportement d'utilisation du site web<\/p><p>Cookies et donn\u00e9es de suivi<\/p><p><strong>2. Comment nous utilisons vos informations<\/strong><\/p><p>Nous utilisons les informations collect\u00e9es pour :<\/p><p>R\u00e9pondre aux demandes de renseignements et de devis des entreprises<\/p><p>Fournir des produits et des services<\/p><p>Communiquer sur les commandes ou la coop\u00e9ration<\/p><p>Am\u00e9liorer les performances du site web et l'exp\u00e9rience des utilisateurs<\/p><p>Envoyer des mises \u00e0 jour relatives \u00e0 l'entreprise (si convenu)<\/p><p>Respecter les obligations l\u00e9gales<\/p><p><strong>3. Cookies<\/strong><\/p><p>Nous utilisons des cookies pour analyser le trafic sur le site web et am\u00e9liorer la fonctionnalit\u00e9.<\/p><p>Vous pouvez d\u00e9sactiver les cookies dans les param\u00e8tres de votre navigateur ; cependant, certaines fonctionnalit\u00e9s du site web risquent de ne pas fonctionner correctement.<\/p><p><strong>4. Partage de l'information<\/strong><\/p><p>Nous ne vendons ni ne louons vos informations.<\/p><p>Nous pouvons partager des donn\u00e9es avec<\/p><p>Partenaires logistiques et maritimes<\/p><p>Fournisseurs de services informatiques et d'h\u00e9bergement<\/p><p>les autorit\u00e9s l\u00e9gales ou r\u00e9glementaires, le cas \u00e9ch\u00e9ant<\/p><p>Tous les partenaires sont tenus de prot\u00e9ger vos informations.<\/p><p><strong>5. S\u00e9curit\u00e9 des donn\u00e9es<\/strong><\/p><p>Nous mettons en \u0153uvre des mesures techniques et administratives raisonnables pour prot\u00e9ger vos donn\u00e9es. Cependant, aucune transmission en ligne n'est 100% s\u00e9curis\u00e9e.<\/p><p><strong>6. Conservation des donn\u00e9es<\/strong><\/p><p>Nous ne conservons les donn\u00e9es relatives \u00e0 la communication commerciale que le temps n\u00e9cessaire \u00e0 la r\u00e9alisation des objectifs commerciaux ou au respect de la l\u00e9gislation.<\/p><p><strong>7. Vos droits<\/strong><\/p><p>Vous pouvez adresser votre demande \u00e0<\/p><p>Acc\u00e9der \u00e0 vos informations<\/p><p>Corriger les donn\u00e9es inexactes<\/p><p>Supprimer vos informations (lorsque la loi l'autorise)<\/p><p>Refuser les communications marketing<\/p><p><strong>8. Transferts internationaux de donn\u00e9es<\/strong><\/p><p>En tant que fournisseur B2B mondial, vos informations peuvent \u00eatre transf\u00e9r\u00e9es et trait\u00e9es dans diff\u00e9rents pays conform\u00e9ment aux lois applicables.<\/p><p><strong>9. Mises \u00e0 jour des politiques<\/strong><\/p><p>Nous pouvons mettre \u00e0 jour la pr\u00e9sente politique de confidentialit\u00e9 de temps \u00e0 autre. Les mises \u00e0 jour seront publi\u00e9es sur cette page avec une nouvelle date d'entr\u00e9e en vigueur.<\/p><p><strong>10. Nous contacter<\/strong><\/p><p>Pour les questions relatives \u00e0 la protection de la vie priv\u00e9e :<\/p><p>Courriel : privacy@wbestshade.com<\/p>\t\t\t\t\t\t\t\t<\/div>\n\t\t\t\t\t<\/div>\n\t\t\t\t<\/div>\n\t\t\t\t<\/div>","protected":false},"excerpt":{"rendered":"<p>Our Privacy Effective Date: January 30, 2026 WBestShade respects your privacy and is committed to protecting your business and personal information. This Privacy Policy explains how we collect, use, and safeguard your information. 1. Information We Collect a) Business &amp; Personal Information When you contact us, request a quotation, or submit forms, we may collect: [&hellip;]<\/p>\n","protected":false},"author":2,"featured_media":0,"parent":0,"menu_order":0,"comment_status":"closed","ping_status":"closed","template":"","meta":{"footnotes":""},"class_list":["post-19682","page","type-page","status-publish","hentry"],"_links":{"self":[{"href":"https:\/\/wbestshade.com\/fr\/wp-json\/wp\/v2\/pages\/19682","targetHints":{"allow":["GET"]}}],"collection":[{"href":"https:\/\/wbestshade.com\/fr\/wp-json\/wp\/v2\/pages"}],"about":[{"href":"https:\/\/wbestshade.com\/fr\/wp-json\/wp\/v2\/types\/page"}],"author":[{"embeddable":true,"href":"https:\/\/wbestshade.com\/fr\/wp-json\/wp\/v2\/users\/2"}],"replies":[{"embeddable":true,"href":"https:\/\/wbestshade.com\/fr\/wp-json\/wp\/v2\/comments?post=19682"}],"version-history":[{"count":20,"href":"https:\/\/wbestshade.com\/fr\/wp-json\/wp\/v2\/pages\/19682\/revisions"}],"predecessor-version":[{"id":19704,"href":"https:\/\/wbestshade.com\/fr\/wp-json\/wp\/v2\/pages\/19682\/revisions\/19704"}],"wp:attachment":[{"href":"https:\/\/wbestshade.com\/fr\/wp-json\/wp\/v2\/media?parent=19682"}],"curies":[{"name":"wp","href":"https:\/\/api.w.org\/{rel}","templated":true}]}}