{"id":3135,"date":"2026-01-19T00:42:32","date_gmt":"2026-01-19T00:42:32","guid":{"rendered":"https:\/\/wbestshade.com\/?page_id=3135"},"modified":"2026-01-31T06:53:32","modified_gmt":"2026-01-31T06:53:32","slug":"sliding-door","status":"publish","type":"page","link":"https:\/\/wbestshade.com\/es\/sliding-door\/","title":{"rendered":"Puerta corredera"},"content":{"rendered":"<div data-elementor-type=\"wp-page\" data-elementor-id=\"3135\" class=\"elementor elementor-3135\" data-elementor-post-type=\"page\">\n\t\t\t\t<div class=\"elementor-element elementor-element-f122d3 e-flex e-con-boxed e-con e-parent\" data-id=\"f122d3\" data-element_type=\"container\" data-e-type=\"container\" data-settings=\"{&quot;background_background&quot;:&quot;classic&quot;}\">\n\t\t\t\t\t<div class=\"e-con-inner\">\n\t\t\t\t<div class=\"elementor-element elementor-element-653bc02a elementor-widget elementor-widget-heading\" data-id=\"653bc02a\" data-element_type=\"widget\" data-e-type=\"widget\" data-widget_type=\"heading.default\">\n\t\t\t\t\t<h2 class=\"elementor-heading-title elementor-size-default\">Puerta corredera para p\u00e9rgolas<\/h2>\t\t\t\t<\/div>\n\t\t\t\t<div class=\"elementor-element elementor-element-5532d6ee elementor-widget elementor-widget-text-editor\" data-id=\"5532d6ee\" data-element_type=\"widget\" data-e-type=\"widget\" data-widget_type=\"text-editor.default\">\n\t\t\t\t\t\t\t\t\t<p><a style=\"color: #fff;\" href=\"https:\/\/wbestshade.com\/es\/\">Inicio<\/a> \/ <a style=\"color: #fff;\" href=\"https:\/\/wbestshade.com\/es\/products\/\">Productos<\/a> \/ <a style=\"color: #fff;\" href=\"https:\/\/wbestshade.com\/es\/side-attachments\/\">Fijaciones laterales<\/a>\u00a0\/ Puerta corredera<\/p>\t\t\t\t\t\t\t\t<\/div>\n\t\t\t\t\t<\/div>\n\t\t\t\t<\/div>\n\t\t<div class=\"elementor-element elementor-element-7253363f e-flex e-con-boxed e-con e-parent\" data-id=\"7253363f\" data-element_type=\"container\" data-e-type=\"container\" data-settings=\"{&quot;background_background&quot;:&quot;classic&quot;}\">\n\t\t\t\t\t<div class=\"e-con-inner\">\n\t\t\t\t<div class=\"elementor-element elementor-element-34f3fb9 elementor-arrows-position-inside elementor-widget elementor-widget-image-carousel\" data-id=\"34f3fb9\" data-element_type=\"widget\" data-e-type=\"widget\" data-settings=\"{&quot;slides_to_show&quot;:&quot;1&quot;,&quot;navigation&quot;:&quot;arrows&quot;,&quot;autoplay&quot;:&quot;yes&quot;,&quot;pause_on_hover&quot;:&quot;yes&quot;,&quot;pause_on_interaction&quot;:&quot;yes&quot;,&quot;autoplay_speed&quot;:5000,&quot;infinite&quot;:&quot;yes&quot;,&quot;effect&quot;:&quot;slide&quot;,&quot;speed&quot;:500}\" data-widget_type=\"image-carousel.default\">\n\t\t\t\t\t\t\t<div class=\"elementor-image-carousel-wrapper swiper\" role=\"region\" aria-roledescription=\"carousel\" aria-label=\"\u56fe\u50cf\u8f6e\u64ad\" dir=\"ltr\">\n\t\t\t<div class=\"elementor-image-carousel swiper-wrapper\" aria-live=\"off\">\n\t\t\t\t\t\t\t\t<div class=\"swiper-slide\" role=\"group\" aria-roledescription=\"slide\" aria-label=\"1 de 4\"><figure class=\"swiper-slide-inner\"><img decoding=\"async\" class=\"swiper-slide-image\" src=\"https:\/\/wbestshade.com\/wp-content\/uploads\/2026\/01\/Sliding-Door-For-Pergolas-01.jpg\" alt=\"Sliding Door For Pergolas 01\" \/><\/figure><\/div><div class=\"swiper-slide\" role=\"group\" aria-roledescription=\"slide\" aria-label=\"2 de 4\"><figure class=\"swiper-slide-inner\"><img decoding=\"async\" class=\"swiper-slide-image\" src=\"https:\/\/wbestshade.com\/wp-content\/uploads\/2026\/01\/Sliding-Door-For-Pergolas-04.jpg\" alt=\"Sliding Door For Pergolas 04\" \/><\/figure><\/div><div class=\"swiper-slide\" role=\"group\" aria-roledescription=\"slide\" aria-label=\"3 de 4\"><figure class=\"swiper-slide-inner\"><img decoding=\"async\" class=\"swiper-slide-image\" src=\"https:\/\/wbestshade.com\/wp-content\/uploads\/2026\/01\/Sliding-Door-For-Pergolas-03.jpg\" alt=\"Sliding Door For Pergolas 03\" \/><\/figure><\/div><div class=\"swiper-slide\" role=\"group\" aria-roledescription=\"slide\" aria-label=\"4 de 4\"><figure class=\"swiper-slide-inner\"><img decoding=\"async\" class=\"swiper-slide-image\" src=\"https:\/\/wbestshade.com\/wp-content\/uploads\/2026\/01\/Sliding-Door-for-Pergolas-06.jpg\" alt=\"Sliding Door for Pergolas 06\" \/><\/figure><\/div>\t\t\t<\/div>\n\t\t\t\t\t\t\t\t\t\t\t\t<div class=\"elementor-swiper-button elementor-swiper-button-prev\" role=\"button\" tabindex=\"0\">\n\t\t\t\t\t\t<svg aria-hidden=\"true\" class=\"e-font-icon-svg e-eicon-chevron-left\" viewbox=\"0 0 1000 1000\" xmlns=\"http:\/\/www.w3.org\/2000\/svg\"><path d=\"M646 125C629 125 613 133 604 142L308 442C296 454 292 471 292 487 292 504 296 521 308 533L604 854C617 867 629 875 646 875 663 875 679 871 692 858 704 846 713 829 713 812 713 796 708 779 692 767L438 487 692 225C700 217 708 204 708 187 708 171 704 154 692 142 675 129 663 125 646 125Z\"><\/path><\/svg>\t\t\t\t\t<\/div>\n\t\t\t\t\t<div class=\"elementor-swiper-button elementor-swiper-button-next\" role=\"button\" tabindex=\"0\">\n\t\t\t\t\t\t<svg aria-hidden=\"true\" class=\"e-font-icon-svg e-eicon-chevron-right\" viewbox=\"0 0 1000 1000\" xmlns=\"http:\/\/www.w3.org\/2000\/svg\"><path d=\"M696 533C708 521 713 504 713 487 713 471 708 454 696 446L400 146C388 133 375 125 354 125 338 125 325 129 313 142 300 154 292 171 292 187 292 204 296 221 308 233L563 492 304 771C292 783 288 800 288 817 288 833 296 850 308 863 321 871 338 875 354 875 371 875 388 867 400 854L696 533Z\"><\/path><\/svg>\t\t\t\t\t<\/div>\n\t\t\t\t\n\t\t\t\t\t\t\t\t\t<\/div>\n\t\t\t\t\t\t<\/div>\n\t\t\t\t<div class=\"elementor-element elementor-element-4227520e elementor-widget elementor-widget-text-editor\" data-id=\"4227520e\" data-element_type=\"widget\" data-e-type=\"widget\" data-widget_type=\"text-editor.default\">\n\t\t\t\t\t\t\t\t\t<p>En <strong data-start=\"4\" data-end=\"33\">Puerta corredera para p\u00e9rgolas<\/strong> ofrece una soluci\u00f3n de cerramiento elegante y pr\u00e1ctica que mejora el confort, la protecci\u00f3n y la utilidad de los espacios exteriores. Disponible en configuraciones de 3 y 4 m, cuenta con duraderos marcos de aluminio 6063-T5 combinados con paneles de cristal transparente de 3,5 mm para una excelente visibilidad y luz natural. El sistema de deslizamiento suave permite un f\u00e1cil acceso a la vez que mejora la protecci\u00f3n contra el viento y la intemperie. Con un rendimiento impermeable y de ahorro de energ\u00eda y modernos acabados con recubrimiento en polvo en gris oscuro o blanco, es una soluci\u00f3n de bajo mantenimiento y alto valor ideal para proyectos de p\u00e9rgolas residenciales, comerciales y de hosteler\u00eda.<\/p>\t\t\t\t\t\t\t\t<\/div>\n\t\t\t\t\t<\/div>\n\t\t\t\t<\/div>\n\t\t<div class=\"elementor-element elementor-element-3b93f6ed e-flex e-con-boxed e-con e-parent\" data-id=\"3b93f6ed\" data-element_type=\"container\" data-e-type=\"container\" data-settings=\"{&quot;background_background&quot;:&quot;classic&quot;}\">\n\t\t\t\t\t<div class=\"e-con-inner\">\n\t\t\t\t<div class=\"elementor-element elementor-element-1ba09844 elementor-widget elementor-widget-heading\" data-id=\"1ba09844\" data-element_type=\"widget\" data-e-type=\"widget\" data-widget_type=\"heading.default\">\n\t\t\t\t\t<h2 class=\"elementor-heading-title elementor-size-default\">Par\u00e1metros de las puertas correderas<\/h2>\t\t\t\t<\/div>\n\t\t\t\t\t<\/div>\n\t\t\t\t<\/div>\n\t\t<div class=\"elementor-element elementor-element-4de84c52 e-flex e-con-boxed e-con e-parent\" data-id=\"4de84c52\" data-element_type=\"container\" data-e-type=\"container\" data-settings=\"{&quot;background_background&quot;:&quot;classic&quot;}\">\n\t\t\t\t\t<div class=\"e-con-inner\">\n\t\t<div class=\"elementor-element elementor-element-5e116216 e-con-full e-flex e-con e-child\" data-id=\"5e116216\" data-element_type=\"container\" data-e-type=\"container\">\n\t\t\t\t<div class=\"elementor-element elementor-element-99fb954 elementor-widget elementor-widget-image\" data-id=\"99fb954\" data-element_type=\"widget\" data-e-type=\"widget\" data-widget_type=\"image.default\">\n\t\t\t\t\t\t\t\t\t\t\t\t\t\t\t<img fetchpriority=\"high\" decoding=\"async\" width=\"895\" height=\"526\" src=\"https:\/\/wbestshade.com\/wp-content\/uploads\/2026\/01\/Sliding-Door-For-Pergolas.jpg\" class=\"attachment-full size-full wp-image-3327\" alt=\"\" srcset=\"https:\/\/wbestshade.com\/wp-content\/uploads\/2026\/01\/Sliding-Door-For-Pergolas.jpg 895w, https:\/\/wbestshade.com\/wp-content\/uploads\/2026\/01\/Sliding-Door-For-Pergolas-300x176.jpg 300w, https:\/\/wbestshade.com\/wp-content\/uploads\/2026\/01\/Sliding-Door-For-Pergolas-768x451.jpg 768w\" sizes=\"(max-width: 895px) 100vw, 895px\" \/>\t\t\t\t\t\t\t\t\t\t\t\t\t\t\t<\/div>\n\t\t\t\t<\/div>\n\t\t\t\t\t<\/div>\n\t\t\t\t<\/div>\n\t\t<div class=\"elementor-element elementor-element-6ed03c3e e-flex e-con-boxed e-con e-parent\" data-id=\"6ed03c3e\" data-element_type=\"container\" data-e-type=\"container\">\n\t\t\t\t\t<div class=\"e-con-inner\">\n\t\t\t\t<div class=\"elementor-element elementor-element-50938e6c elementor-widget elementor-widget-heading\" data-id=\"50938e6c\" data-element_type=\"widget\" data-e-type=\"widget\" data-widget_type=\"heading.default\">\n\t\t\t\t\t<h2 class=\"elementor-heading-title elementor-size-default\">Fijaciones laterales\n<\/h2>\t\t\t\t<\/div>\n\t\t\t\t\t<\/div>\n\t\t\t\t<\/div>\n\t\t<div class=\"elementor-element elementor-element-34e674df e-flex e-con-boxed e-con e-parent\" data-id=\"34e674df\" data-element_type=\"container\" data-e-type=\"container\" data-settings=\"{&quot;background_background&quot;:&quot;classic&quot;}\">\n\t\t\t\t\t<div class=\"e-con-inner\">\n\t\t<div class=\"elementor-element elementor-element-4b21a50d e-con-full e-flex e-con e-child\" data-id=\"4b21a50d\" data-element_type=\"container\" data-e-type=\"container\" data-settings=\"{&quot;background_background&quot;:&quot;classic&quot;}\">\n\t\t\t\t<div class=\"elementor-element elementor-element-2df53a5c elementor-cta--skin-cover elementor-animated-content elementor-bg-transform elementor-bg-transform-zoom-in elementor-widget elementor-widget-call-to-action\" data-id=\"2df53a5c\" data-element_type=\"widget\" data-e-type=\"widget\" data-widget_type=\"call-to-action.default\">\n\t\t\t\t\t\t\t<a class=\"elementor-cta\" href=\"https:\/\/wbestshade.com\/es\/slat-wall\/\">\n\t\t\t\t\t<div class=\"elementor-cta__bg-wrapper\">\n\t\t\t\t<div class=\"elementor-cta__bg elementor-bg\" style=\"background-image: url(https:\/\/wbestshade.com\/wp-content\/uploads\/2026\/01\/Slat-Wall-For-Pergola.jpg);\" role=\"img\" aria-label=\"Pared De Lamas Para P\u00e9rgola\"><\/div>\n\t\t\t\t<div class=\"elementor-cta__bg-overlay\"><\/div>\n\t\t\t<\/div>\n\t\t\t\t\t\t\t<div class=\"elementor-cta__content\">\n\t\t\t\t\n\t\t\t\t\t\t\t\t\t<h2 class=\"elementor-cta__title elementor-cta__content-item elementor-content-item elementor-animated-item--grow\">\n\t\t\t\t\t\tPared de lamas\t\t\t\t\t<\/h2>\n\t\t\t\t\n\t\t\t\t\n\t\t\t\t\t\t\t<\/div>\n\t\t\t\t\t\t<\/a>\n\t\t\t\t\t\t<\/div>\n\t\t\t\t<\/div>\n\t\t<div class=\"elementor-element elementor-element-160e353 e-con-full e-flex e-con e-child\" data-id=\"160e353\" data-element_type=\"container\" data-e-type=\"container\">\n\t\t\t\t<div class=\"elementor-element elementor-element-22533174 elementor-cta--skin-cover elementor-animated-content elementor-bg-transform elementor-bg-transform-zoom-in elementor-widget elementor-widget-call-to-action\" data-id=\"22533174\" data-element_type=\"widget\" data-e-type=\"widget\" data-widget_type=\"call-to-action.default\">\n\t\t\t\t\t\t\t<a class=\"elementor-cta\" href=\"https:\/\/wbestshade.com\/es\/sliding-door\/\">\n\t\t\t\t\t<div class=\"elementor-cta__bg-wrapper\">\n\t\t\t\t<div class=\"elementor-cta__bg elementor-bg\" style=\"background-image: url(https:\/\/wbestshade.com\/wp-content\/uploads\/2026\/01\/Sliding-Door-For-Pergolas-01-1024x613.jpg);\" role=\"img\" aria-label=\"Puerta Corredera Para P\u00e9rgolas 01\"><\/div>\n\t\t\t\t<div class=\"elementor-cta__bg-overlay\"><\/div>\n\t\t\t<\/div>\n\t\t\t\t\t\t\t<div class=\"elementor-cta__content\">\n\t\t\t\t\n\t\t\t\t\t\t\t\t\t<h2 class=\"elementor-cta__title elementor-cta__content-item elementor-content-item elementor-animated-item--grow\">\n\t\t\t\t\t\tPuerta corredera\t\t\t\t\t<\/h2>\n\t\t\t\t\n\t\t\t\t\n\t\t\t\t\t\t\t<\/div>\n\t\t\t\t\t\t<\/a>\n\t\t\t\t\t\t<\/div>\n\t\t\t\t<\/div>\n\t\t<div class=\"elementor-element elementor-element-76abdb01 e-con-full e-flex e-con e-child\" data-id=\"76abdb01\" data-element_type=\"container\" data-e-type=\"container\">\n\t\t\t\t<div class=\"elementor-element elementor-element-7d3fc63c elementor-cta--skin-cover elementor-animated-content elementor-bg-transform elementor-bg-transform-zoom-in elementor-widget elementor-widget-call-to-action\" data-id=\"7d3fc63c\" data-element_type=\"widget\" data-e-type=\"widget\" data-widget_type=\"call-to-action.default\">\n\t\t\t\t\t\t\t<a class=\"elementor-cta\" href=\"https:\/\/wbestshade.com\/es\/sliding-shutter\/\">\n\t\t\t\t\t<div class=\"elementor-cta__bg-wrapper\">\n\t\t\t\t<div class=\"elementor-cta__bg elementor-bg\" style=\"background-image: url(https:\/\/wbestshade.com\/wp-content\/uploads\/2026\/01\/Sliding-Shutter-For-Pergolas-02-1024x613.jpg);\" role=\"img\" aria-label=\"Persiana Corredera Para P\u00e9rgolas 02\"><\/div>\n\t\t\t\t<div class=\"elementor-cta__bg-overlay\"><\/div>\n\t\t\t<\/div>\n\t\t\t\t\t\t\t<div class=\"elementor-cta__content\">\n\t\t\t\t\n\t\t\t\t\t\t\t\t\t<h2 class=\"elementor-cta__title elementor-cta__content-item elementor-content-item elementor-animated-item--grow\">\n\t\t\t\t\t\tPersiana corredera\t\t\t\t\t<\/h2>\n\t\t\t\t\n\t\t\t\t\n\t\t\t\t\t\t\t<\/div>\n\t\t\t\t\t\t<\/a>\n\t\t\t\t\t\t<\/div>\n\t\t\t\t<\/div>\n\t\t\t\t\t<\/div>\n\t\t\t\t<\/div>\n\t\t\t\t<\/div>","protected":false},"excerpt":{"rendered":"<p>Sliding Door For Pergolas Home \/ Products \/ Side Attachments\u00a0\/ sliding Door The Sliding Door for Pergolas provides a sleek and practical enclosure solution that enhances comfort, protection, and usability of outdoor spaces. Available in 3m and 4m configurations, it features durable 6063-T5 aluminum frames combined with 3.5mm clear glass panels for excellent visibility and [&hellip;]<\/p>\n","protected":false},"author":2,"featured_media":0,"parent":0,"menu_order":0,"comment_status":"closed","ping_status":"closed","template":"","meta":{"footnotes":""},"class_list":["post-3135","page","type-page","status-publish","hentry"],"_links":{"self":[{"href":"https:\/\/wbestshade.com\/es\/wp-json\/wp\/v2\/pages\/3135","targetHints":{"allow":["GET"]}}],"collection":[{"href":"https:\/\/wbestshade.com\/es\/wp-json\/wp\/v2\/pages"}],"about":[{"href":"https:\/\/wbestshade.com\/es\/wp-json\/wp\/v2\/types\/page"}],"author":[{"embeddable":true,"href":"https:\/\/wbestshade.com\/es\/wp-json\/wp\/v2\/users\/2"}],"replies":[{"embeddable":true,"href":"https:\/\/wbestshade.com\/es\/wp-json\/wp\/v2\/comments?post=3135"}],"version-history":[{"count":37,"href":"https:\/\/wbestshade.com\/es\/wp-json\/wp\/v2\/pages\/3135\/revisions"}],"predecessor-version":[{"id":20049,"href":"https:\/\/wbestshade.com\/es\/wp-json\/wp\/v2\/pages\/3135\/revisions\/20049"}],"wp:attachment":[{"href":"https:\/\/wbestshade.com\/es\/wp-json\/wp\/v2\/media?parent=3135"}],"curies":[{"name":"wp","href":"https:\/\/api.w.org\/{rel}","templated":true}]}}