{"id":2078,"date":"2025-12-22T23:42:38","date_gmt":"2025-12-22T23:42:38","guid":{"rendered":"https:\/\/wbestshade.com\/?page_id=2078"},"modified":"2026-04-13T07:50:41","modified_gmt":"2026-04-13T07:50:41","slug":"aluminum-pergolas","status":"publish","type":"page","link":"https:\/\/wbestshade.com\/es\/aluminum-pergolas\/","title":{"rendered":"P\u00e9rgolas de aluminio"},"content":{"rendered":"<div data-elementor-type=\"wp-page\" data-elementor-id=\"2078\" class=\"elementor elementor-2078\" data-elementor-post-type=\"page\">\n\t\t\t\t<div class=\"elementor-element elementor-element-289fc5ef e-flex e-con-boxed e-con e-parent\" data-id=\"289fc5ef\" data-element_type=\"container\" data-e-type=\"container\" data-settings=\"{&quot;background_background&quot;:&quot;classic&quot;}\">\n\t\t\t\t\t<div class=\"e-con-inner\">\n\t\t\t\t<div class=\"elementor-element elementor-element-5f3bc777 elementor-widget elementor-widget-heading\" data-id=\"5f3bc777\" data-element_type=\"widget\" data-e-type=\"widget\" data-widget_type=\"heading.default\">\n\t\t\t\t\t<h2 class=\"elementor-heading-title elementor-size-default\">P\u00e9rgolas de aluminio<\/h2>\t\t\t\t<\/div>\n\t\t\t\t<div class=\"elementor-element elementor-element-2027a5c8 elementor-widget elementor-widget-text-editor\" data-id=\"2027a5c8\" data-element_type=\"widget\" data-e-type=\"widget\" data-widget_type=\"text-editor.default\">\n\t\t\t\t\t\t\t\t\t<p>P\u00e9rgolas de aluminio listas para el proyecto, de la f\u00e1brica a su almac\u00e9n. Dise\u00f1adas para ofrecer resistencia y f\u00e1cil instalaci\u00f3n.<\/p>\t\t\t\t\t\t\t\t<\/div>\n\t\t\t\t\t<\/div>\n\t\t\t\t<\/div>\n\t\t<div class=\"elementor-element elementor-element-235f1f8 e-flex e-con-boxed e-con e-parent\" data-id=\"235f1f8\" data-element_type=\"container\" data-e-type=\"container\">\n\t\t\t\t\t<div class=\"e-con-inner\">\n\t\t\t\t<div class=\"elementor-element elementor-element-8bb7d25 elementor-widget elementor-widget-heading\" data-id=\"8bb7d25\" data-element_type=\"widget\" data-e-type=\"widget\" data-widget_type=\"heading.default\">\n\t\t\t\t\t<h2 class=\"elementor-heading-title elementor-size-default\">Colecci\u00f3n Est\u00e1ndar de P\u00e9rgolas<\/h2>\t\t\t\t<\/div>\n\t\t\t\t\t<\/div>\n\t\t\t\t<\/div>\n\t\t<div class=\"elementor-element elementor-element-562fc0c5 e-flex e-con-boxed e-con e-parent\" data-id=\"562fc0c5\" data-element_type=\"container\" data-e-type=\"container\" data-settings=\"{&quot;background_background&quot;:&quot;classic&quot;}\">\n\t\t\t\t\t<div class=\"e-con-inner\">\n\t\t<div class=\"elementor-element elementor-element-103b6e69 e-con-full e-flex e-con e-child\" data-id=\"103b6e69\" data-element_type=\"container\" data-e-type=\"container\" data-settings=\"{&quot;background_background&quot;:&quot;classic&quot;}\">\n\t\t\t\t<div class=\"elementor-element elementor-element-22ddaaf elementor-widget elementor-widget-image\" data-id=\"22ddaaf\" data-element_type=\"widget\" data-e-type=\"widget\" data-widget_type=\"image.default\">\n\t\t\t\t\t\t\t\t\t\t\t\t\t\t\t\t<a href=\"https:\/\/wbestshade.com\/es\/aluminum-pergolas-100a-4\/\">\n\t\t\t\t\t\t\t<img fetchpriority=\"high\" decoding=\"async\" width=\"800\" height=\"476\" src=\"https:\/\/wbestshade.com\/wp-content\/uploads\/2026\/01\/3x4-100A-4-1024x609.png\" class=\"attachment-large size-large wp-image-19734\" alt=\"\" srcset=\"https:\/\/wbestshade.com\/wp-content\/uploads\/2026\/01\/3x4-100A-4-1024x609.png 1024w, https:\/\/wbestshade.com\/wp-content\/uploads\/2026\/01\/3x4-100A-4-300x178.png 300w, https:\/\/wbestshade.com\/wp-content\/uploads\/2026\/01\/3x4-100A-4-768x457.png 768w, https:\/\/wbestshade.com\/wp-content\/uploads\/2026\/01\/3x4-100A-4.png 1430w\" sizes=\"(max-width: 800px) 100vw, 800px\" \/>\t\t\t\t\t\t\t\t<\/a>\n\t\t\t\t\t\t\t\t\t\t\t\t\t\t\t<\/div>\n\t\t\t\t<div class=\"elementor-element elementor-element-d09816b elementor-widget elementor-widget-heading\" data-id=\"d09816b\" data-element_type=\"widget\" data-e-type=\"widget\" data-widget_type=\"heading.default\">\n\t\t\t\t\t<h2 class=\"elementor-heading-title elementor-size-default\"><a href=\"https:\/\/wbestshade.com\/es\/aluminum-pergolas-100a-4\/\">P\u00e9rgolas de aluminio 100A-4<\/a><\/h2>\t\t\t\t<\/div>\n\t\t\t\t<\/div>\n\t\t<div class=\"elementor-element elementor-element-748bbdd e-con-full e-flex e-con e-child\" data-id=\"748bbdd\" data-element_type=\"container\" data-e-type=\"container\" data-settings=\"{&quot;background_background&quot;:&quot;classic&quot;}\">\n\t\t\t\t<div class=\"elementor-element elementor-element-353a225 elementor-widget elementor-widget-image\" data-id=\"353a225\" data-element_type=\"widget\" data-e-type=\"widget\" data-widget_type=\"image.default\">\n\t\t\t\t\t\t\t\t\t\t\t\t\t\t\t\t<a href=\"https:\/\/wbestshade.com\/es\/aluminum-pergolas-100a-4r\/\">\n\t\t\t\t\t\t\t<img decoding=\"async\" width=\"800\" height=\"476\" src=\"https:\/\/wbestshade.com\/wp-content\/uploads\/2026\/01\/3x4-100A-4-lighting-1024x609.jpg\" class=\"attachment-large size-large wp-image-19911\" alt=\"\" srcset=\"https:\/\/wbestshade.com\/wp-content\/uploads\/2026\/01\/3x4-100A-4-lighting-1024x609.jpg 1024w, https:\/\/wbestshade.com\/wp-content\/uploads\/2026\/01\/3x4-100A-4-lighting-300x178.jpg 300w, https:\/\/wbestshade.com\/wp-content\/uploads\/2026\/01\/3x4-100A-4-lighting-768x457.jpg 768w, https:\/\/wbestshade.com\/wp-content\/uploads\/2026\/01\/3x4-100A-4-lighting.jpg 1430w\" sizes=\"(max-width: 800px) 100vw, 800px\" \/>\t\t\t\t\t\t\t\t<\/a>\n\t\t\t\t\t\t\t\t\t\t\t\t\t\t\t<\/div>\n\t\t\t\t<div class=\"elementor-element elementor-element-e74d48c elementor-widget elementor-widget-heading\" data-id=\"e74d48c\" data-element_type=\"widget\" data-e-type=\"widget\" data-widget_type=\"heading.default\">\n\t\t\t\t\t<h2 class=\"elementor-heading-title elementor-size-default\"><a href=\"https:\/\/wbestshade.com\/es\/aluminum-pergolas-100a-4r\/\">P\u00e9rgolas de aluminio 100A-4R<\/a><\/h2>\t\t\t\t<\/div>\n\t\t\t\t<\/div>\n\t\t<div class=\"elementor-element elementor-element-d7516c0 e-con-full e-flex e-con e-child\" data-id=\"d7516c0\" data-element_type=\"container\" data-e-type=\"container\" data-settings=\"{&quot;background_background&quot;:&quot;classic&quot;}\">\n\t\t\t\t<div class=\"elementor-element elementor-element-9836a6d elementor-widget elementor-widget-image\" data-id=\"9836a6d\" data-element_type=\"widget\" data-e-type=\"widget\" data-widget_type=\"image.default\">\n\t\t\t\t\t\t\t\t\t\t\t\t\t\t\t\t<a href=\"https:\/\/wbestshade.com\/es\/aluminum-pergolas-120b\/\">\n\t\t\t\t\t\t\t<img decoding=\"async\" width=\"800\" height=\"476\" src=\"https:\/\/wbestshade.com\/wp-content\/uploads\/2026\/01\/120-B01-1024x609.jpg\" class=\"attachment-large size-large wp-image-19925\" alt=\"\" srcset=\"https:\/\/wbestshade.com\/wp-content\/uploads\/2026\/01\/120-B01-1024x609.jpg 1024w, https:\/\/wbestshade.com\/wp-content\/uploads\/2026\/01\/120-B01-300x178.jpg 300w, https:\/\/wbestshade.com\/wp-content\/uploads\/2026\/01\/120-B01-768x457.jpg 768w, https:\/\/wbestshade.com\/wp-content\/uploads\/2026\/01\/120-B01.jpg 1430w\" sizes=\"(max-width: 800px) 100vw, 800px\" \/>\t\t\t\t\t\t\t\t<\/a>\n\t\t\t\t\t\t\t\t\t\t\t\t\t\t\t<\/div>\n\t\t\t\t<div class=\"elementor-element elementor-element-4e82f4a elementor-widget elementor-widget-heading\" data-id=\"4e82f4a\" data-element_type=\"widget\" data-e-type=\"widget\" data-widget_type=\"heading.default\">\n\t\t\t\t\t<h2 class=\"elementor-heading-title elementor-size-default\"><a href=\"https:\/\/wbestshade.com\/es\/aluminum-pergolas-120b\/\">P\u00e9rgolas de aluminio 120B<\/a><\/h2>\t\t\t\t<\/div>\n\t\t\t\t<\/div>\n\t\t\t\t\t<\/div>\n\t\t\t\t<\/div>\n\t\t<div class=\"elementor-element elementor-element-bd33ec9 e-flex e-con-boxed e-con e-parent\" data-id=\"bd33ec9\" data-element_type=\"container\" data-e-type=\"container\">\n\t\t\t\t\t<div class=\"e-con-inner\">\n\t\t\t\t<div class=\"elementor-element elementor-element-2ca8fe0 elementor-widget elementor-widget-heading\" data-id=\"2ca8fe0\" data-element_type=\"widget\" data-e-type=\"widget\" data-widget_type=\"heading.default\">\n\t\t\t\t\t<h2 class=\"elementor-heading-title elementor-size-default\">Colecci\u00f3n de p\u00e9rgolas medianas<\/h2>\t\t\t\t<\/div>\n\t\t\t\t\t<\/div>\n\t\t\t\t<\/div>\n\t\t<div class=\"elementor-element elementor-element-b1e9599 e-flex e-con-boxed e-con e-parent\" data-id=\"b1e9599\" data-element_type=\"container\" data-e-type=\"container\" data-settings=\"{&quot;background_background&quot;:&quot;classic&quot;}\">\n\t\t\t\t\t<div class=\"e-con-inner\">\n\t\t<div class=\"elementor-element elementor-element-ef58fba e-con-full e-flex e-con e-child\" data-id=\"ef58fba\" data-element_type=\"container\" data-e-type=\"container\" data-settings=\"{&quot;background_background&quot;:&quot;classic&quot;}\">\n\t\t\t\t<div class=\"elementor-element elementor-element-2115b41 elementor-widget elementor-widget-image\" data-id=\"2115b41\" data-element_type=\"widget\" data-e-type=\"widget\" data-widget_type=\"image.default\">\n\t\t\t\t\t\t\t\t\t\t\t\t\t\t\t\t<a href=\"https:\/\/wbestshade.com\/es\/aluminum-pergola-120b-4\/\">\n\t\t\t\t\t\t\t<img loading=\"lazy\" decoding=\"async\" width=\"800\" height=\"476\" src=\"https:\/\/wbestshade.com\/wp-content\/uploads\/2026\/01\/Alumimum-Pergolas-120B-G-1024x609.jpg\" class=\"attachment-large size-large wp-image-2556\" alt=\"\" srcset=\"https:\/\/wbestshade.com\/wp-content\/uploads\/2026\/01\/Alumimum-Pergolas-120B-G-1024x609.jpg 1024w, https:\/\/wbestshade.com\/wp-content\/uploads\/2026\/01\/Alumimum-Pergolas-120B-G-300x178.jpg 300w, https:\/\/wbestshade.com\/wp-content\/uploads\/2026\/01\/Alumimum-Pergolas-120B-G-768x457.jpg 768w, https:\/\/wbestshade.com\/wp-content\/uploads\/2026\/01\/Alumimum-Pergolas-120B-G.jpg 1430w\" sizes=\"(max-width: 800px) 100vw, 800px\" \/>\t\t\t\t\t\t\t\t<\/a>\n\t\t\t\t\t\t\t\t\t\t\t\t\t\t\t<\/div>\n\t\t\t\t<div class=\"elementor-element elementor-element-74ba33c elementor-widget elementor-widget-heading\" data-id=\"74ba33c\" data-element_type=\"widget\" data-e-type=\"widget\" data-widget_type=\"heading.default\">\n\t\t\t\t\t<h2 class=\"elementor-heading-title elementor-size-default\"><a href=\"https:\/\/wbestshade.com\/es\/aluminum-pergola-120b-4\/\">P\u00e9rgolas de aluminio 120B-4<\/a><\/h2>\t\t\t\t<\/div>\n\t\t\t\t<\/div>\n\t\t<div class=\"elementor-element elementor-element-67418da e-con-full e-flex e-con e-child\" data-id=\"67418da\" data-element_type=\"container\" data-e-type=\"container\" data-settings=\"{&quot;background_background&quot;:&quot;classic&quot;}\">\n\t\t\t\t<div class=\"elementor-element elementor-element-7c20533 elementor-widget elementor-widget-image\" data-id=\"7c20533\" data-element_type=\"widget\" data-e-type=\"widget\" data-widget_type=\"image.default\">\n\t\t\t\t\t\t\t\t\t\t\t\t\t\t\t\t<a href=\"https:\/\/wbestshade.com\/es\/aluminum-pergolas-120b-g\/\">\n\t\t\t\t\t\t\t<img loading=\"lazy\" decoding=\"async\" width=\"800\" height=\"476\" src=\"https:\/\/wbestshade.com\/wp-content\/uploads\/2026\/01\/120B-G-Pergolas-Banner-1024x609.jpg\" class=\"attachment-large size-large wp-image-2813\" alt=\"\" srcset=\"https:\/\/wbestshade.com\/wp-content\/uploads\/2026\/01\/120B-G-Pergolas-Banner-1024x609.jpg 1024w, https:\/\/wbestshade.com\/wp-content\/uploads\/2026\/01\/120B-G-Pergolas-Banner-300x178.jpg 300w, https:\/\/wbestshade.com\/wp-content\/uploads\/2026\/01\/120B-G-Pergolas-Banner-768x457.jpg 768w, https:\/\/wbestshade.com\/wp-content\/uploads\/2026\/01\/120B-G-Pergolas-Banner.jpg 1430w\" sizes=\"(max-width: 800px) 100vw, 800px\" \/>\t\t\t\t\t\t\t\t<\/a>\n\t\t\t\t\t\t\t\t\t\t\t\t\t\t\t<\/div>\n\t\t\t\t<div class=\"elementor-element elementor-element-c7be4e8 elementor-widget elementor-widget-heading\" data-id=\"c7be4e8\" data-element_type=\"widget\" data-e-type=\"widget\" data-widget_type=\"heading.default\">\n\t\t\t\t\t<h2 class=\"elementor-heading-title elementor-size-default\"><a href=\"https:\/\/wbestshade.com\/es\/aluminum-pergolas-120b-g\/\">P\u00e9rgolas de aluminio 120B-G<\/a><\/h2>\t\t\t\t<\/div>\n\t\t\t\t<\/div>\n\t\t<div class=\"elementor-element elementor-element-605a32a e-con-full e-flex e-con e-child\" data-id=\"605a32a\" data-element_type=\"container\" data-e-type=\"container\" data-settings=\"{&quot;background_background&quot;:&quot;classic&quot;}\">\n\t\t\t\t<div class=\"elementor-element elementor-element-56b470e elementor-widget elementor-widget-image\" data-id=\"56b470e\" data-element_type=\"widget\" data-e-type=\"widget\" data-widget_type=\"image.default\">\n\t\t\t\t\t\t\t\t\t\t\t\t\t\t\t\t<a href=\"https:\/\/wbestshade.com\/es\/pergola-with-toolhouse-100b-4ts\/\">\n\t\t\t\t\t\t\t<img loading=\"lazy\" decoding=\"async\" width=\"800\" height=\"478\" src=\"https:\/\/wbestshade.com\/wp-content\/uploads\/2026\/04\/Pergola-with-toolhouse-100B-4ts2-2-1024x612.png\" class=\"attachment-large size-large wp-image-20878\" alt=\"\" srcset=\"https:\/\/wbestshade.com\/wp-content\/uploads\/2026\/04\/Pergola-with-toolhouse-100B-4ts2-2-1024x612.png 1024w, https:\/\/wbestshade.com\/wp-content\/uploads\/2026\/04\/Pergola-with-toolhouse-100B-4ts2-2-300x179.png 300w, https:\/\/wbestshade.com\/wp-content\/uploads\/2026\/04\/Pergola-with-toolhouse-100B-4ts2-2-768x459.png 768w, https:\/\/wbestshade.com\/wp-content\/uploads\/2026\/04\/Pergola-with-toolhouse-100B-4ts2-2-18x12.png 18w, https:\/\/wbestshade.com\/wp-content\/uploads\/2026\/04\/Pergola-with-toolhouse-100B-4ts2-2.png 1501w\" sizes=\"(max-width: 800px) 100vw, 800px\" \/>\t\t\t\t\t\t\t\t<\/a>\n\t\t\t\t\t\t\t\t\t\t\t\t\t\t\t<\/div>\n\t\t\t\t<div class=\"elementor-element elementor-element-7413aef elementor-widget elementor-widget-heading\" data-id=\"7413aef\" data-element_type=\"widget\" data-e-type=\"widget\" data-widget_type=\"heading.default\">\n\t\t\t\t\t<h2 class=\"elementor-heading-title elementor-size-default\"><a href=\"https:\/\/wbestshade.com\/es\/pergola-with-toolhouse-100b-4ts\/\">P\u00e9rgolas con cobertizo para herramientas 100B-4TS<\/a><\/h2>\t\t\t\t<\/div>\n\t\t\t\t<\/div>\n\t\t\t\t\t<\/div>\n\t\t\t\t<\/div>\n\t\t<div class=\"elementor-element elementor-element-b0bebd8 e-flex e-con-boxed e-con e-parent\" data-id=\"b0bebd8\" data-element_type=\"container\" data-e-type=\"container\">\n\t\t\t\t\t<div class=\"e-con-inner\">\n\t\t\t\t<div class=\"elementor-element elementor-element-a6ed3c1 elementor-widget elementor-widget-heading\" data-id=\"a6ed3c1\" data-element_type=\"widget\" data-e-type=\"widget\" data-widget_type=\"heading.default\">\n\t\t\t\t\t<h2 class=\"elementor-heading-title elementor-size-default\">Colecci\u00f3n de p\u00e9rgolas de alta gama<\/h2>\t\t\t\t<\/div>\n\t\t\t\t\t<\/div>\n\t\t\t\t<\/div>\n\t\t<div class=\"elementor-element elementor-element-d605436 e-flex e-con-boxed e-con e-parent\" data-id=\"d605436\" data-element_type=\"container\" data-e-type=\"container\">\n\t\t\t\t\t<div class=\"e-con-inner\">\n\t\t<div class=\"elementor-element elementor-element-28ecefe e-con-full e-flex e-con e-child\" data-id=\"28ecefe\" data-element_type=\"container\" data-e-type=\"container\" data-settings=\"{&quot;background_background&quot;:&quot;classic&quot;}\">\n\t\t<div class=\"elementor-element elementor-element-8c272c2 e-con-full e-flex e-con e-child\" data-id=\"8c272c2\" data-element_type=\"container\" data-e-type=\"container\" data-settings=\"{&quot;background_background&quot;:&quot;classic&quot;}\">\n\t\t\t\t<div class=\"elementor-element elementor-element-fd39e6c elementor-widget elementor-widget-image\" data-id=\"fd39e6c\" data-element_type=\"widget\" data-e-type=\"widget\" data-widget_type=\"image.default\">\n\t\t\t\t\t\t\t\t\t\t\t\t\t\t\t\t<a href=\"https:\/\/wbestshade.com\/es\/aluminium-pergola-with-retracktable-roof-120x\/\">\n\t\t\t\t\t\t\t<img loading=\"lazy\" decoding=\"async\" width=\"800\" height=\"469\" src=\"https:\/\/wbestshade.com\/wp-content\/uploads\/2026\/03\/retracktable-aluminium-pergola-120X.jpg\" class=\"attachment-large size-large wp-image-20799\" alt=\"\" srcset=\"https:\/\/wbestshade.com\/wp-content\/uploads\/2026\/03\/retracktable-aluminium-pergola-120X.jpg 1024w, https:\/\/wbestshade.com\/wp-content\/uploads\/2026\/03\/retracktable-aluminium-pergola-120X-300x176.jpg 300w, https:\/\/wbestshade.com\/wp-content\/uploads\/2026\/03\/retracktable-aluminium-pergola-120X-768x450.jpg 768w, https:\/\/wbestshade.com\/wp-content\/uploads\/2026\/03\/retracktable-aluminium-pergola-120X-18x12.jpg 18w\" sizes=\"(max-width: 800px) 100vw, 800px\" \/>\t\t\t\t\t\t\t\t<\/a>\n\t\t\t\t\t\t\t\t\t\t\t\t\t\t\t<\/div>\n\t\t\t\t<div class=\"elementor-element elementor-element-29fb7e8 elementor-widget elementor-widget-heading\" data-id=\"29fb7e8\" data-element_type=\"widget\" data-e-type=\"widget\" data-widget_type=\"heading.default\">\n\t\t\t\t\t<h2 class=\"elementor-heading-title elementor-size-default\"><a href=\"https:\/\/wbestshade.com\/es\/aluminium-pergola-with-retracktable-roof-120x\/\">P\u00e9rgola retr\u00e1ctil de aluminio 120X<\/a><\/h2>\t\t\t\t<\/div>\n\t\t\t\t<\/div>\n\t\t<div class=\"elementor-element elementor-element-0ef4fff e-con-full e-flex e-con e-child\" data-id=\"0ef4fff\" data-element_type=\"container\" data-e-type=\"container\" data-settings=\"{&quot;background_background&quot;:&quot;classic&quot;}\">\n\t\t\t\t<div class=\"elementor-element elementor-element-6dc02eb elementor-widget elementor-widget-image\" data-id=\"6dc02eb\" data-element_type=\"widget\" data-e-type=\"widget\" data-widget_type=\"image.default\">\n\t\t\t\t\t\t\t\t\t\t\t\t\t\t\t\t<a href=\"https:\/\/wbestshade.com\/es\/aluminium-pergola-135f\/\">\n\t\t\t\t\t\t\t<img loading=\"lazy\" decoding=\"async\" width=\"800\" height=\"476\" src=\"https:\/\/wbestshade.com\/wp-content\/uploads\/2026\/01\/135F.1-Alumimum-Pergolas-1024x609.jpg\" class=\"attachment-large size-large wp-image-2570\" alt=\"\" srcset=\"https:\/\/wbestshade.com\/wp-content\/uploads\/2026\/01\/135F.1-Alumimum-Pergolas-1024x609.jpg 1024w, https:\/\/wbestshade.com\/wp-content\/uploads\/2026\/01\/135F.1-Alumimum-Pergolas-300x178.jpg 300w, https:\/\/wbestshade.com\/wp-content\/uploads\/2026\/01\/135F.1-Alumimum-Pergolas-768x457.jpg 768w, https:\/\/wbestshade.com\/wp-content\/uploads\/2026\/01\/135F.1-Alumimum-Pergolas.jpg 1430w\" sizes=\"(max-width: 800px) 100vw, 800px\" \/>\t\t\t\t\t\t\t\t<\/a>\n\t\t\t\t\t\t\t\t\t\t\t\t\t\t\t<\/div>\n\t\t\t\t<div class=\"elementor-element elementor-element-6e9c55a elementor-widget elementor-widget-heading\" data-id=\"6e9c55a\" data-element_type=\"widget\" data-e-type=\"widget\" data-widget_type=\"heading.default\">\n\t\t\t\t\t<h2 class=\"elementor-heading-title elementor-size-default\"><a href=\"https:\/\/wbestshade.com\/es\/aluminium-pergola-135f\/\">P\u00e9rgolas de aluminio 135F <\/a><\/h2>\t\t\t\t<\/div>\n\t\t\t\t<\/div>\n\t\t<div class=\"elementor-element elementor-element-c2331ea e-con-full e-flex e-con e-child\" data-id=\"c2331ea\" data-element_type=\"container\" data-e-type=\"container\" data-settings=\"{&quot;background_background&quot;:&quot;classic&quot;}\">\n\t\t\t\t<\/div>\n\t\t\t\t<\/div>\n\t\t\t\t\t<\/div>\n\t\t\t\t<\/div>\n\t\t\t\t<\/div>","protected":false},"excerpt":{"rendered":"<p>Aluminum Pergolas Project-Ready Aluminum Pergolas .From Factory to Your Warehouse. Engineered for strength and easy installation. Standard Pergola Collection Aluminum Pergolas 100A-4 Aluminum Pergolas 100A-4R Aluminum Pergolas 120B Medium Pergola Collection Aluminum Pergolas 120B-4 Aluminum Pergolas 120B-G Pergolas with Toolhouse 100B-4TS High-end Pergola Collection Retractable Aluminum Pergola 120X Aluminum Pergolas 135F<\/p>","protected":false},"author":2,"featured_media":0,"parent":0,"menu_order":0,"comment_status":"closed","ping_status":"closed","template":"","meta":{"footnotes":""},"class_list":["post-2078","page","type-page","status-publish","hentry"],"_links":{"self":[{"href":"https:\/\/wbestshade.com\/es\/wp-json\/wp\/v2\/pages\/2078","targetHints":{"allow":["GET"]}}],"collection":[{"href":"https:\/\/wbestshade.com\/es\/wp-json\/wp\/v2\/pages"}],"about":[{"href":"https:\/\/wbestshade.com\/es\/wp-json\/wp\/v2\/types\/page"}],"author":[{"embeddable":true,"href":"https:\/\/wbestshade.com\/es\/wp-json\/wp\/v2\/users\/2"}],"replies":[{"embeddable":true,"href":"https:\/\/wbestshade.com\/es\/wp-json\/wp\/v2\/comments?post=2078"}],"version-history":[{"count":181,"href":"https:\/\/wbestshade.com\/es\/wp-json\/wp\/v2\/pages\/2078\/revisions"}],"predecessor-version":[{"id":20899,"href":"https:\/\/wbestshade.com\/es\/wp-json\/wp\/v2\/pages\/2078\/revisions\/20899"}],"wp:attachment":[{"href":"https:\/\/wbestshade.com\/es\/wp-json\/wp\/v2\/media?parent=2078"}],"curies":[{"name":"wp","href":"https:\/\/api.w.org\/{rel}","templated":true}]}}